{"id":13760,"date":"2020-09-01T11:10:55","date_gmt":"2020-09-01T10:10:55","guid":{"rendered":"https:\/\/futurehealthbiobank.com\/vn\/?page_id=13760"},"modified":"2021-09-10T09:54:52","modified_gmt":"2021-09-10T08:54:52","slug":"loi-ich-cua-viec-luu-tru-te-bao-goc-tu-rang-cung-nhu-te-bao-goc-so-sinh","status":"publish","type":"page","link":"https:\/\/futurehealthbiobank.com\/vn\/loi-ich-cua-viec-luu-tru-te-bao-goc-tu-rang-cung-nhu-te-bao-goc-so-sinh\/","title":{"rendered":"L\u1ee3i \u00edch c\u1ee7a vi\u1ec7c l\u01b0u tr\u1eef t\u1ebf b\u00e0o g\u1ed1c t\u1eeb r\u0103ng c\u0169ng nh\u01b0 t\u1ebf b\u00e0o g\u1ed1c s\u01a1 sinh"},"content":{"rendered":"","protected":false},"excerpt":{"rendered":"","protected":false},"author":10,"featured_media":0,"parent":0,"menu_order":0,"comment_status":"closed","ping_status":"closed","template":"page-dpct.php","meta":{"_acf_changed":false,"footnotes":""},"class_list":["post-13760","page","type-page","status-publish","hentry"],"acf":[],"yoast_head":"<!-- This site is optimized with the Yoast SEO Premium plugin v26.7 (Yoast SEO v26.7) - https:\/\/yoast.com\/wordpress\/plugins\/seo\/ -->\n<title>L\u1ee3i \u00edch c\u1ee7a vi\u1ec7c l\u01b0u tr\u1eef t\u1ebf b\u00e0o g\u1ed1c t\u1eeb r\u0103ng c\u0169ng nh\u01b0 t\u1ebf b\u00e0o g\u1ed1c s\u01a1 sinh - Future Health Biobank Vietnam<\/title>\n<meta name=\"description\" content=\"V\u1edbi kh\u1ea3 n\u0103ng thay \u0111\u1ed5i th\u00e0nh nhi\u1ec1u lo\u1ea1i t\u1ebf b\u00e0o kh\u00e1c \u0111\u01b0\u1ee3c t\u00ecm th\u1ea5y trong c\u01a1 th\u1ec3 ch\u00fang ta, t\u1ebf b\u00e0o g\u1ed1c trung m\u00f4 (MSCs) \u0111ang \u0111\u01b0\u1ee3c kh\u00e1m ph\u00e1 trong c\u00e1c th\u1eed nghi\u1ec7m l\u00e2m s\u00e0ng ng\u00e0y nay \u0111\u1ed1i v\u1edbi c\u00e1c b\u1ec7nh nh\u01b0 ti\u1ec3u \u0111\u01b0\u1eddng, \u0111a x\u01a1 c\u1ee9ng, ph\u1ee5c h\u1ed3i \u0111\u1ed9t qu\u1ef5 v\u00e0 nhi\u1ec1u h\u01a1n n\u1eefa.\" \/>\n<meta name=\"robots\" content=\"index, follow, max-snippet:-1, max-image-preview:large, max-video-preview:-1\" \/>\n<link rel=\"canonical\" href=\"https:\/\/futurehealthbiobank.com\/vn\/loi-ich-cua-viec-luu-tru-te-bao-goc-tu-rang-cung-nhu-te-bao-goc-so-sinh\/\" \/>\n<meta property=\"og:locale\" content=\"en_GB\" \/>\n<meta property=\"og:type\" content=\"article\" \/>\n<meta property=\"og:title\" content=\"L\u1ee3i \u00edch c\u1ee7a vi\u1ec7c l\u01b0u tr\u1eef t\u1ebf b\u00e0o g\u1ed1c t\u1eeb r\u0103ng c\u0169ng nh\u01b0 t\u1ebf b\u00e0o g\u1ed1c s\u01a1 sinh\" \/>\n<meta property=\"og:url\" content=\"https:\/\/futurehealthbiobank.com\/vn\/loi-ich-cua-viec-luu-tru-te-bao-goc-tu-rang-cung-nhu-te-bao-goc-so-sinh\/\" \/>\n<meta property=\"og:site_name\" content=\"Future Health Biobank Vietnam\" \/>\n<meta property=\"article:modified_time\" content=\"2021-09-10T08:54:52+00:00\" \/>\n<meta name=\"twitter:card\" content=\"summary_large_image\" \/>\n<script type=\"application\/ld+json\" class=\"yoast-schema-graph\">{\"@context\":\"https:\/\/schema.org\",\"@graph\":[{\"@type\":\"WebPage\",\"@id\":\"https:\/\/futurehealthbiobank.com\/vn\/loi-ich-cua-viec-luu-tru-te-bao-goc-tu-rang-cung-nhu-te-bao-goc-so-sinh\/\",\"url\":\"https:\/\/futurehealthbiobank.com\/vn\/loi-ich-cua-viec-luu-tru-te-bao-goc-tu-rang-cung-nhu-te-bao-goc-so-sinh\/\",\"name\":\"L\u1ee3i \u00edch c\u1ee7a vi\u1ec7c l\u01b0u tr\u1eef t\u1ebf b\u00e0o g\u1ed1c t\u1eeb r\u0103ng c\u0169ng nh\u01b0 t\u1ebf b\u00e0o g\u1ed1c s\u01a1 sinh - Future Health Biobank Vietnam\",\"isPartOf\":{\"@id\":\"https:\/\/futurehealthbiobank.com\/vn\/#website\"},\"datePublished\":\"2020-09-01T10:10:55+00:00\",\"dateModified\":\"2021-09-10T08:54:52+00:00\",\"description\":\"V\u1edbi kh\u1ea3 n\u0103ng thay \u0111\u1ed5i th\u00e0nh nhi\u1ec1u lo\u1ea1i t\u1ebf b\u00e0o kh\u00e1c \u0111\u01b0\u1ee3c t\u00ecm th\u1ea5y trong c\u01a1 th\u1ec3 ch\u00fang ta, t\u1ebf b\u00e0o g\u1ed1c trung m\u00f4 (MSCs) \u0111ang \u0111\u01b0\u1ee3c kh\u00e1m ph\u00e1 trong c\u00e1c th\u1eed nghi\u1ec7m l\u00e2m s\u00e0ng ng\u00e0y nay \u0111\u1ed1i v\u1edbi c\u00e1c b\u1ec7nh nh\u01b0 ti\u1ec3u \u0111\u01b0\u1eddng, \u0111a x\u01a1 c\u1ee9ng, ph\u1ee5c h\u1ed3i \u0111\u1ed9t qu\u1ef5 v\u00e0 nhi\u1ec1u h\u01a1n n\u1eefa.\",\"breadcrumb\":{\"@id\":\"https:\/\/futurehealthbiobank.com\/vn\/loi-ich-cua-viec-luu-tru-te-bao-goc-tu-rang-cung-nhu-te-bao-goc-so-sinh\/#breadcrumb\"},\"inLanguage\":\"en-GB\",\"potentialAction\":[{\"@type\":\"ReadAction\",\"target\":[\"https:\/\/futurehealthbiobank.com\/vn\/loi-ich-cua-viec-luu-tru-te-bao-goc-tu-rang-cung-nhu-te-bao-goc-so-sinh\/\"]}]},{\"@type\":\"BreadcrumbList\",\"@id\":\"https:\/\/futurehealthbiobank.com\/vn\/loi-ich-cua-viec-luu-tru-te-bao-goc-tu-rang-cung-nhu-te-bao-goc-so-sinh\/#breadcrumb\",\"itemListElement\":[{\"@type\":\"ListItem\",\"position\":1,\"name\":\"Home\",\"item\":\"https:\/\/futurehealthbiobank.com\/vn\/\"},{\"@type\":\"ListItem\",\"position\":2,\"name\":\"L\u1ee3i \u00edch c\u1ee7a vi\u1ec7c l\u01b0u tr\u1eef t\u1ebf b\u00e0o g\u1ed1c t\u1eeb r\u0103ng c\u0169ng nh\u01b0 t\u1ebf b\u00e0o g\u1ed1c s\u01a1 sinh\"}]},{\"@type\":\"WebSite\",\"@id\":\"https:\/\/futurehealthbiobank.com\/vn\/#website\",\"url\":\"https:\/\/futurehealthbiobank.com\/vn\/\",\"name\":\"Future Health Biobank Vietnam\",\"description\":\"\",\"publisher\":{\"@id\":\"https:\/\/futurehealthbiobank.com\/vn\/#organization\"},\"potentialAction\":[{\"@type\":\"SearchAction\",\"target\":{\"@type\":\"EntryPoint\",\"urlTemplate\":\"https:\/\/futurehealthbiobank.com\/vn\/?s={search_term_string}\"},\"query-input\":{\"@type\":\"PropertyValueSpecification\",\"valueRequired\":true,\"valueName\":\"search_term_string\"}}],\"inLanguage\":\"en-GB\"},{\"@type\":\"Organization\",\"@id\":\"https:\/\/futurehealthbiobank.com\/vn\/#organization\",\"name\":\"Future Health Biobank\",\"url\":\"https:\/\/futurehealthbiobank.com\/vn\/\",\"logo\":{\"@type\":\"ImageObject\",\"inLanguage\":\"en-GB\",\"@id\":\"https:\/\/futurehealthbiobank.com\/vn\/#\/schema\/logo\/image\/\",\"url\":\"https:\/\/futurehealthbiobank.com\/vn\/wp-content\/uploads\/sites\/123\/2016\/02\/future-health-biobank.svg\",\"contentUrl\":\"https:\/\/futurehealthbiobank.com\/vn\/wp-content\/uploads\/sites\/123\/2016\/02\/future-health-biobank.svg\",\"width\":1,\"height\":1,\"caption\":\"Future Health Biobank\"},\"image\":{\"@id\":\"https:\/\/futurehealthbiobank.com\/vn\/#\/schema\/logo\/image\/\"}}]}<\/script>\n<!-- \/ Yoast SEO Premium plugin. -->","yoast_head_json":{"title":"L\u1ee3i \u00edch c\u1ee7a vi\u1ec7c l\u01b0u tr\u1eef t\u1ebf b\u00e0o g\u1ed1c t\u1eeb r\u0103ng c\u0169ng nh\u01b0 t\u1ebf b\u00e0o g\u1ed1c s\u01a1 sinh - Future Health Biobank Vietnam","description":"V\u1edbi kh\u1ea3 n\u0103ng thay \u0111\u1ed5i th\u00e0nh nhi\u1ec1u lo\u1ea1i t\u1ebf b\u00e0o kh\u00e1c \u0111\u01b0\u1ee3c t\u00ecm th\u1ea5y trong c\u01a1 th\u1ec3 ch\u00fang ta, t\u1ebf b\u00e0o g\u1ed1c trung m\u00f4 (MSCs) \u0111ang \u0111\u01b0\u1ee3c kh\u00e1m ph\u00e1 trong c\u00e1c th\u1eed nghi\u1ec7m l\u00e2m s\u00e0ng ng\u00e0y nay \u0111\u1ed1i v\u1edbi c\u00e1c b\u1ec7nh nh\u01b0 ti\u1ec3u \u0111\u01b0\u1eddng, \u0111a x\u01a1 c\u1ee9ng, ph\u1ee5c h\u1ed3i \u0111\u1ed9t qu\u1ef5 v\u00e0 nhi\u1ec1u h\u01a1n n\u1eefa.","robots":{"index":"index","follow":"follow","max-snippet":"max-snippet:-1","max-image-preview":"max-image-preview:large","max-video-preview":"max-video-preview:-1"},"canonical":"https:\/\/futurehealthbiobank.com\/vn\/loi-ich-cua-viec-luu-tru-te-bao-goc-tu-rang-cung-nhu-te-bao-goc-so-sinh\/","og_locale":"en_GB","og_type":"article","og_title":"L\u1ee3i \u00edch c\u1ee7a vi\u1ec7c l\u01b0u tr\u1eef t\u1ebf b\u00e0o g\u1ed1c t\u1eeb r\u0103ng c\u0169ng nh\u01b0 t\u1ebf b\u00e0o g\u1ed1c s\u01a1 sinh","og_url":"https:\/\/futurehealthbiobank.com\/vn\/loi-ich-cua-viec-luu-tru-te-bao-goc-tu-rang-cung-nhu-te-bao-goc-so-sinh\/","og_site_name":"Future Health Biobank Vietnam","article_modified_time":"2021-09-10T08:54:52+00:00","twitter_card":"summary_large_image","schema":{"@context":"https:\/\/schema.org","@graph":[{"@type":"WebPage","@id":"https:\/\/futurehealthbiobank.com\/vn\/loi-ich-cua-viec-luu-tru-te-bao-goc-tu-rang-cung-nhu-te-bao-goc-so-sinh\/","url":"https:\/\/futurehealthbiobank.com\/vn\/loi-ich-cua-viec-luu-tru-te-bao-goc-tu-rang-cung-nhu-te-bao-goc-so-sinh\/","name":"L\u1ee3i \u00edch c\u1ee7a vi\u1ec7c l\u01b0u tr\u1eef t\u1ebf b\u00e0o g\u1ed1c t\u1eeb r\u0103ng c\u0169ng nh\u01b0 t\u1ebf b\u00e0o g\u1ed1c s\u01a1 sinh - Future Health Biobank Vietnam","isPartOf":{"@id":"https:\/\/futurehealthbiobank.com\/vn\/#website"},"datePublished":"2020-09-01T10:10:55+00:00","dateModified":"2021-09-10T08:54:52+00:00","description":"V\u1edbi kh\u1ea3 n\u0103ng thay \u0111\u1ed5i th\u00e0nh nhi\u1ec1u lo\u1ea1i t\u1ebf b\u00e0o kh\u00e1c \u0111\u01b0\u1ee3c t\u00ecm th\u1ea5y trong c\u01a1 th\u1ec3 ch\u00fang ta, t\u1ebf b\u00e0o g\u1ed1c trung m\u00f4 (MSCs) \u0111ang \u0111\u01b0\u1ee3c kh\u00e1m ph\u00e1 trong c\u00e1c th\u1eed nghi\u1ec7m l\u00e2m s\u00e0ng ng\u00e0y nay \u0111\u1ed1i v\u1edbi c\u00e1c b\u1ec7nh nh\u01b0 ti\u1ec3u \u0111\u01b0\u1eddng, \u0111a x\u01a1 c\u1ee9ng, ph\u1ee5c h\u1ed3i \u0111\u1ed9t qu\u1ef5 v\u00e0 nhi\u1ec1u h\u01a1n n\u1eefa.","breadcrumb":{"@id":"https:\/\/futurehealthbiobank.com\/vn\/loi-ich-cua-viec-luu-tru-te-bao-goc-tu-rang-cung-nhu-te-bao-goc-so-sinh\/#breadcrumb"},"inLanguage":"en-GB","potentialAction":[{"@type":"ReadAction","target":["https:\/\/futurehealthbiobank.com\/vn\/loi-ich-cua-viec-luu-tru-te-bao-goc-tu-rang-cung-nhu-te-bao-goc-so-sinh\/"]}]},{"@type":"BreadcrumbList","@id":"https:\/\/futurehealthbiobank.com\/vn\/loi-ich-cua-viec-luu-tru-te-bao-goc-tu-rang-cung-nhu-te-bao-goc-so-sinh\/#breadcrumb","itemListElement":[{"@type":"ListItem","position":1,"name":"Home","item":"https:\/\/futurehealthbiobank.com\/vn\/"},{"@type":"ListItem","position":2,"name":"L\u1ee3i \u00edch c\u1ee7a vi\u1ec7c l\u01b0u tr\u1eef t\u1ebf b\u00e0o g\u1ed1c t\u1eeb r\u0103ng c\u0169ng nh\u01b0 t\u1ebf b\u00e0o g\u1ed1c s\u01a1 sinh"}]},{"@type":"WebSite","@id":"https:\/\/futurehealthbiobank.com\/vn\/#website","url":"https:\/\/futurehealthbiobank.com\/vn\/","name":"Future Health Biobank Vietnam","description":"","publisher":{"@id":"https:\/\/futurehealthbiobank.com\/vn\/#organization"},"potentialAction":[{"@type":"SearchAction","target":{"@type":"EntryPoint","urlTemplate":"https:\/\/futurehealthbiobank.com\/vn\/?s={search_term_string}"},"query-input":{"@type":"PropertyValueSpecification","valueRequired":true,"valueName":"search_term_string"}}],"inLanguage":"en-GB"},{"@type":"Organization","@id":"https:\/\/futurehealthbiobank.com\/vn\/#organization","name":"Future Health Biobank","url":"https:\/\/futurehealthbiobank.com\/vn\/","logo":{"@type":"ImageObject","inLanguage":"en-GB","@id":"https:\/\/futurehealthbiobank.com\/vn\/#\/schema\/logo\/image\/","url":"https:\/\/futurehealthbiobank.com\/vn\/wp-content\/uploads\/sites\/123\/2016\/02\/future-health-biobank.svg","contentUrl":"https:\/\/futurehealthbiobank.com\/vn\/wp-content\/uploads\/sites\/123\/2016\/02\/future-health-biobank.svg","width":1,"height":1,"caption":"Future Health Biobank"},"image":{"@id":"https:\/\/futurehealthbiobank.com\/vn\/#\/schema\/logo\/image\/"}}]}},"_links":{"self":[{"href":"https:\/\/futurehealthbiobank.com\/vn\/wp-json\/wp\/v2\/pages\/13760","targetHints":{"allow":["GET"]}}],"collection":[{"href":"https:\/\/futurehealthbiobank.com\/vn\/wp-json\/wp\/v2\/pages"}],"about":[{"href":"https:\/\/futurehealthbiobank.com\/vn\/wp-json\/wp\/v2\/types\/page"}],"author":[{"embeddable":true,"href":"https:\/\/futurehealthbiobank.com\/vn\/wp-json\/wp\/v2\/users\/10"}],"replies":[{"embeddable":true,"href":"https:\/\/futurehealthbiobank.com\/vn\/wp-json\/wp\/v2\/comments?post=13760"}],"version-history":[{"count":0,"href":"https:\/\/futurehealthbiobank.com\/vn\/wp-json\/wp\/v2\/pages\/13760\/revisions"}],"wp:attachment":[{"href":"https:\/\/futurehealthbiobank.com\/vn\/wp-json\/wp\/v2\/media?parent=13760"}],"curies":[{"name":"wp","href":"https:\/\/api.w.org\/{rel}","templated":true}]}}