{"id":7530,"date":"2018-10-08T10:07:41","date_gmt":"2018-10-08T09:07:41","guid":{"rendered":"https:\/\/futurehealthbiobank.com\/vn\/?page_id=7530"},"modified":"2022-03-31T15:22:04","modified_gmt":"2022-03-31T14:22:04","slug":"thanh-vien-toan-cau","status":"publish","type":"page","link":"https:\/\/futurehealthbiobank.com\/vn\/thanh-vien-toan-cau\/","title":{"rendered":"Th\u00e0nh vi\u00ean to\u00e0n c\u1ea7u"},"content":{"rendered":"","protected":false},"excerpt":{"rendered":"","protected":false},"author":10,"featured_media":0,"parent":0,"menu_order":0,"comment_status":"closed","ping_status":"closed","template":"page-global.php","meta":{"_acf_changed":false,"footnotes":""},"class_list":["post-7530","page","type-page","status-publish","hentry"],"acf":[],"yoast_head":"<!-- This site is optimized with the Yoast SEO Premium plugin v26.7 (Yoast SEO v26.7) - https:\/\/yoast.com\/wordpress\/plugins\/seo\/ -->\n<title>Th\u00e0nh vi\u00ean to\u00e0n c\u1ea7u - Future Health Biobank Vietnam<\/title>\n<meta name=\"description\" content=\"C\u00e1c ph\u00f2ng th\u00ed nghi\u1ec7m hi\u1ec7n \u0111\u1ea1i \u1edf V\u01b0\u01a1ng qu\u1ed1c Anh v\u00e0 Th\u1ee5y S\u0129, v\u0103n ph\u00f2ng t\u1ea1i h\u01a1n 40 qu\u1ed1c gia tr\u00ean th\u1ebf gi\u1edbi. Future Health Biobank l\u00e0 m\u1ed9t trong nh\u1eefng ng\u00e2n h\u00e0ng t\u1ebf b\u00e0o g\u1ed1c l\u1edbn nh\u1ea5t tr\u00ean th\u1ebf gi\u1edbi, v\u1edbi c\u00e1c ph\u00f2ng th\u00ed nghi\u1ec7m hi\u1ec7n \u0111\u1ea1i c\u00f9ng c\u00e1c quy tr\u00ecnh v\u00e0 c\u00f4ng ngh\u1ec7 h\u00e0ng \u0111\u1ea7u c\u1ee7a ng\u00e0nh, m\u1eabu c\u1ee7a gia \u0111\u00ecnh b\u1ea1n kh\u00f4ng th\u1ec3 an to\u00e0n h\u01a1n.\" \/>\n<meta name=\"robots\" content=\"index, follow, max-snippet:-1, max-image-preview:large, max-video-preview:-1\" \/>\n<link rel=\"canonical\" href=\"https:\/\/futurehealthbiobank.com\/vn\/thanh-vien-toan-cau\/\" \/>\n<meta property=\"og:locale\" content=\"en_GB\" \/>\n<meta property=\"og:type\" content=\"article\" \/>\n<meta property=\"og:title\" content=\"Th\u00e0nh vi\u00ean to\u00e0n c\u1ea7u\" \/>\n<meta property=\"og:url\" content=\"https:\/\/futurehealthbiobank.com\/vn\/thanh-vien-toan-cau\/\" \/>\n<meta property=\"og:site_name\" content=\"Future Health Biobank Vietnam\" \/>\n<meta property=\"article:modified_time\" content=\"2022-03-31T14:22:04+00:00\" \/>\n<meta name=\"twitter:card\" content=\"summary_large_image\" \/>\n<script type=\"application\/ld+json\" class=\"yoast-schema-graph\">{\"@context\":\"https:\/\/schema.org\",\"@graph\":[{\"@type\":\"WebPage\",\"@id\":\"https:\/\/futurehealthbiobank.com\/vn\/thanh-vien-toan-cau\/\",\"url\":\"https:\/\/futurehealthbiobank.com\/vn\/thanh-vien-toan-cau\/\",\"name\":\"Th\u00e0nh vi\u00ean to\u00e0n c\u1ea7u - Future Health Biobank Vietnam\",\"isPartOf\":{\"@id\":\"https:\/\/futurehealthbiobank.com\/vn\/#website\"},\"datePublished\":\"2018-10-08T09:07:41+00:00\",\"dateModified\":\"2022-03-31T14:22:04+00:00\",\"description\":\"C\u00e1c ph\u00f2ng th\u00ed nghi\u1ec7m hi\u1ec7n \u0111\u1ea1i \u1edf V\u01b0\u01a1ng qu\u1ed1c Anh v\u00e0 Th\u1ee5y S\u0129, v\u0103n ph\u00f2ng t\u1ea1i h\u01a1n 40 qu\u1ed1c gia tr\u00ean th\u1ebf gi\u1edbi. Future Health Biobank l\u00e0 m\u1ed9t trong nh\u1eefng ng\u00e2n h\u00e0ng t\u1ebf b\u00e0o g\u1ed1c l\u1edbn nh\u1ea5t tr\u00ean th\u1ebf gi\u1edbi, v\u1edbi c\u00e1c ph\u00f2ng th\u00ed nghi\u1ec7m hi\u1ec7n \u0111\u1ea1i c\u00f9ng c\u00e1c quy tr\u00ecnh v\u00e0 c\u00f4ng ngh\u1ec7 h\u00e0ng \u0111\u1ea7u c\u1ee7a ng\u00e0nh, m\u1eabu c\u1ee7a gia \u0111\u00ecnh b\u1ea1n kh\u00f4ng th\u1ec3 an to\u00e0n h\u01a1n.\",\"breadcrumb\":{\"@id\":\"https:\/\/futurehealthbiobank.com\/vn\/thanh-vien-toan-cau\/#breadcrumb\"},\"inLanguage\":\"en-GB\",\"potentialAction\":[{\"@type\":\"ReadAction\",\"target\":[\"https:\/\/futurehealthbiobank.com\/vn\/thanh-vien-toan-cau\/\"]}]},{\"@type\":\"BreadcrumbList\",\"@id\":\"https:\/\/futurehealthbiobank.com\/vn\/thanh-vien-toan-cau\/#breadcrumb\",\"itemListElement\":[{\"@type\":\"ListItem\",\"position\":1,\"name\":\"Home\",\"item\":\"https:\/\/futurehealthbiobank.com\/vn\/\"},{\"@type\":\"ListItem\",\"position\":2,\"name\":\"Th\u00e0nh vi\u00ean to\u00e0n c\u1ea7u\"}]},{\"@type\":\"WebSite\",\"@id\":\"https:\/\/futurehealthbiobank.com\/vn\/#website\",\"url\":\"https:\/\/futurehealthbiobank.com\/vn\/\",\"name\":\"Future Health Biobank Vietnam\",\"description\":\"\",\"publisher\":{\"@id\":\"https:\/\/futurehealthbiobank.com\/vn\/#organization\"},\"potentialAction\":[{\"@type\":\"SearchAction\",\"target\":{\"@type\":\"EntryPoint\",\"urlTemplate\":\"https:\/\/futurehealthbiobank.com\/vn\/?s={search_term_string}\"},\"query-input\":{\"@type\":\"PropertyValueSpecification\",\"valueRequired\":true,\"valueName\":\"search_term_string\"}}],\"inLanguage\":\"en-GB\"},{\"@type\":\"Organization\",\"@id\":\"https:\/\/futurehealthbiobank.com\/vn\/#organization\",\"name\":\"Future Health Biobank\",\"url\":\"https:\/\/futurehealthbiobank.com\/vn\/\",\"logo\":{\"@type\":\"ImageObject\",\"inLanguage\":\"en-GB\",\"@id\":\"https:\/\/futurehealthbiobank.com\/vn\/#\/schema\/logo\/image\/\",\"url\":\"https:\/\/futurehealthbiobank.com\/vn\/wp-content\/uploads\/sites\/123\/2016\/02\/future-health-biobank.svg\",\"contentUrl\":\"https:\/\/futurehealthbiobank.com\/vn\/wp-content\/uploads\/sites\/123\/2016\/02\/future-health-biobank.svg\",\"width\":1,\"height\":1,\"caption\":\"Future Health Biobank\"},\"image\":{\"@id\":\"https:\/\/futurehealthbiobank.com\/vn\/#\/schema\/logo\/image\/\"}}]}<\/script>\n<!-- \/ Yoast SEO Premium plugin. -->","yoast_head_json":{"title":"Th\u00e0nh vi\u00ean to\u00e0n c\u1ea7u - Future Health Biobank Vietnam","description":"C\u00e1c ph\u00f2ng th\u00ed nghi\u1ec7m hi\u1ec7n \u0111\u1ea1i \u1edf V\u01b0\u01a1ng qu\u1ed1c Anh v\u00e0 Th\u1ee5y S\u0129, v\u0103n ph\u00f2ng t\u1ea1i h\u01a1n 40 qu\u1ed1c gia tr\u00ean th\u1ebf gi\u1edbi. Future Health Biobank l\u00e0 m\u1ed9t trong nh\u1eefng ng\u00e2n h\u00e0ng t\u1ebf b\u00e0o g\u1ed1c l\u1edbn nh\u1ea5t tr\u00ean th\u1ebf gi\u1edbi, v\u1edbi c\u00e1c ph\u00f2ng th\u00ed nghi\u1ec7m hi\u1ec7n \u0111\u1ea1i c\u00f9ng c\u00e1c quy tr\u00ecnh v\u00e0 c\u00f4ng ngh\u1ec7 h\u00e0ng \u0111\u1ea7u c\u1ee7a ng\u00e0nh, m\u1eabu c\u1ee7a gia \u0111\u00ecnh b\u1ea1n kh\u00f4ng th\u1ec3 an to\u00e0n h\u01a1n.","robots":{"index":"index","follow":"follow","max-snippet":"max-snippet:-1","max-image-preview":"max-image-preview:large","max-video-preview":"max-video-preview:-1"},"canonical":"https:\/\/futurehealthbiobank.com\/vn\/thanh-vien-toan-cau\/","og_locale":"en_GB","og_type":"article","og_title":"Th\u00e0nh vi\u00ean to\u00e0n c\u1ea7u","og_url":"https:\/\/futurehealthbiobank.com\/vn\/thanh-vien-toan-cau\/","og_site_name":"Future Health Biobank Vietnam","article_modified_time":"2022-03-31T14:22:04+00:00","twitter_card":"summary_large_image","schema":{"@context":"https:\/\/schema.org","@graph":[{"@type":"WebPage","@id":"https:\/\/futurehealthbiobank.com\/vn\/thanh-vien-toan-cau\/","url":"https:\/\/futurehealthbiobank.com\/vn\/thanh-vien-toan-cau\/","name":"Th\u00e0nh vi\u00ean to\u00e0n c\u1ea7u - Future Health Biobank Vietnam","isPartOf":{"@id":"https:\/\/futurehealthbiobank.com\/vn\/#website"},"datePublished":"2018-10-08T09:07:41+00:00","dateModified":"2022-03-31T14:22:04+00:00","description":"C\u00e1c ph\u00f2ng th\u00ed nghi\u1ec7m hi\u1ec7n \u0111\u1ea1i \u1edf V\u01b0\u01a1ng qu\u1ed1c Anh v\u00e0 Th\u1ee5y S\u0129, v\u0103n ph\u00f2ng t\u1ea1i h\u01a1n 40 qu\u1ed1c gia tr\u00ean th\u1ebf gi\u1edbi. Future Health Biobank l\u00e0 m\u1ed9t trong nh\u1eefng ng\u00e2n h\u00e0ng t\u1ebf b\u00e0o g\u1ed1c l\u1edbn nh\u1ea5t tr\u00ean th\u1ebf gi\u1edbi, v\u1edbi c\u00e1c ph\u00f2ng th\u00ed nghi\u1ec7m hi\u1ec7n \u0111\u1ea1i c\u00f9ng c\u00e1c quy tr\u00ecnh v\u00e0 c\u00f4ng ngh\u1ec7 h\u00e0ng \u0111\u1ea7u c\u1ee7a ng\u00e0nh, m\u1eabu c\u1ee7a gia \u0111\u00ecnh b\u1ea1n kh\u00f4ng th\u1ec3 an to\u00e0n h\u01a1n.","breadcrumb":{"@id":"https:\/\/futurehealthbiobank.com\/vn\/thanh-vien-toan-cau\/#breadcrumb"},"inLanguage":"en-GB","potentialAction":[{"@type":"ReadAction","target":["https:\/\/futurehealthbiobank.com\/vn\/thanh-vien-toan-cau\/"]}]},{"@type":"BreadcrumbList","@id":"https:\/\/futurehealthbiobank.com\/vn\/thanh-vien-toan-cau\/#breadcrumb","itemListElement":[{"@type":"ListItem","position":1,"name":"Home","item":"https:\/\/futurehealthbiobank.com\/vn\/"},{"@type":"ListItem","position":2,"name":"Th\u00e0nh vi\u00ean to\u00e0n c\u1ea7u"}]},{"@type":"WebSite","@id":"https:\/\/futurehealthbiobank.com\/vn\/#website","url":"https:\/\/futurehealthbiobank.com\/vn\/","name":"Future Health Biobank Vietnam","description":"","publisher":{"@id":"https:\/\/futurehealthbiobank.com\/vn\/#organization"},"potentialAction":[{"@type":"SearchAction","target":{"@type":"EntryPoint","urlTemplate":"https:\/\/futurehealthbiobank.com\/vn\/?s={search_term_string}"},"query-input":{"@type":"PropertyValueSpecification","valueRequired":true,"valueName":"search_term_string"}}],"inLanguage":"en-GB"},{"@type":"Organization","@id":"https:\/\/futurehealthbiobank.com\/vn\/#organization","name":"Future Health Biobank","url":"https:\/\/futurehealthbiobank.com\/vn\/","logo":{"@type":"ImageObject","inLanguage":"en-GB","@id":"https:\/\/futurehealthbiobank.com\/vn\/#\/schema\/logo\/image\/","url":"https:\/\/futurehealthbiobank.com\/vn\/wp-content\/uploads\/sites\/123\/2016\/02\/future-health-biobank.svg","contentUrl":"https:\/\/futurehealthbiobank.com\/vn\/wp-content\/uploads\/sites\/123\/2016\/02\/future-health-biobank.svg","width":1,"height":1,"caption":"Future Health Biobank"},"image":{"@id":"https:\/\/futurehealthbiobank.com\/vn\/#\/schema\/logo\/image\/"}}]}},"_links":{"self":[{"href":"https:\/\/futurehealthbiobank.com\/vn\/wp-json\/wp\/v2\/pages\/7530","targetHints":{"allow":["GET"]}}],"collection":[{"href":"https:\/\/futurehealthbiobank.com\/vn\/wp-json\/wp\/v2\/pages"}],"about":[{"href":"https:\/\/futurehealthbiobank.com\/vn\/wp-json\/wp\/v2\/types\/page"}],"author":[{"embeddable":true,"href":"https:\/\/futurehealthbiobank.com\/vn\/wp-json\/wp\/v2\/users\/10"}],"replies":[{"embeddable":true,"href":"https:\/\/futurehealthbiobank.com\/vn\/wp-json\/wp\/v2\/comments?post=7530"}],"version-history":[{"count":0,"href":"https:\/\/futurehealthbiobank.com\/vn\/wp-json\/wp\/v2\/pages\/7530\/revisions"}],"wp:attachment":[{"href":"https:\/\/futurehealthbiobank.com\/vn\/wp-json\/wp\/v2\/media?parent=7530"}],"curies":[{"name":"wp","href":"https:\/\/api.w.org\/{rel}","templated":true}]}}